{"id":633,"date":"2023-10-10T11:05:35","date_gmt":"2023-10-10T09:05:35","guid":{"rendered":"https:\/\/vufinder.co\/?page_id=633"},"modified":"2024-08-14T15:44:52","modified_gmt":"2024-08-14T13:44:52","slug":"sustainability","status":"publish","type":"page","link":"https:\/\/vufinder.co\/pl\/sustainability\/","title":{"rendered":"zr\u00f3wnowa\u017cony rozw\u00f3j"},"content":{"rendered":"<div class=\"page__header is-pink\" data-header-pin>\n  <div class=\"page__content wp-content\">\n    \n<div class=\"hero hero--single hero--auto-height\" >\n  <div class=\"hero__container\">\n    <div class=\"hero__slide\">\n\n      \n      <p data-lettering=\"w\" class=\"w-delay-05\">\n        Zr\u00f3wnowa\u017cony rozw\u00f3j      <\/p>\n      <div class=\"hero__content\">\n        <h2>W VUFINDER STUDIOS zr\u00f3wnowa\u017cony rozw\u00f3j stanowi fundament naszej dzia\u0142alno\u015bci.<\/h2>\n              <\/div>\n\n      \n    <\/div>\n  <\/div>\n<\/div>\n\n  <\/div>\n<\/div>\n\n\n\n<div class=\"op-group is-pink\">\n  <div class=\"op-group__container\">\n    \n\n<div class=\"wp-block-columns is-style-default is-layout-flex wp-container-core-columns-is-layout-9d6595d7 wp-block-columns-is-layout-flex\">\n<div class=\"wp-block-column is-style-wide-gap-right is-layout-flow wp-block-column-is-layout-flow\">\n<h3 class=\"wp-block-heading has-x-large-font-size\">Our commitment to sustainability is not just a statement;<\/h3>\n<\/div>\n\n\n\n<div class=\"wp-block-column is-layout-flow wp-block-column-is-layout-flow\">\n<p class=\"has-text-align-left has-medium-font-size\">it&#8217;s a promise to lead by example, inspire positive change, and be responsible stewards of our planet and society. We employ Virtual Production as a method to actively diminish the carbon footprint associated with your film, commercial, or series production. <\/p>\n\n\n\n<div style=\"height:24px\" aria-hidden=\"true\" class=\"wp-block-spacer\"><\/div>\n\n\n\n<p class=\"has-medium-font-size\">Embracing this virtual revolution allows you to substantially reduce the adverse environmental effects of your project. We leverage computer software tools to meticulously compute the ultimate carbon footprint and compare it with the outcomes of traditional production methods. Join us in going green!<\/p>\n<\/div>\n<\/div>\n\n\n  <\/div>\n<\/div>\n\n\n\n<div class=\"op-group is-blue\">\n  <div class=\"op-group__container\">\n    \n\n<div style=\"height:120px\" aria-hidden=\"true\" class=\"wp-block-spacer\"><\/div>\n\n\n\n<h2 class=\"wp-block-heading has-text-align-center\">OBLICZANIE \u015aLADU W\u0118GLOWEGO<br> PRODUKCJI<\/h2>\n\n\n\n<div style=\"height:64px\" aria-hidden=\"true\" class=\"wp-block-spacer\"><\/div>\n\n\n\n<div class=\"wp-block-columns is-style-default is-layout-flex wp-container-core-columns-is-layout-9d6595d7 wp-block-columns-is-layout-flex\">\n<div class=\"wp-block-column is-style-wide-gap-right is-layout-flow wp-block-column-is-layout-flow\">\n<div style=\"height:60px\" aria-hidden=\"true\" class=\"wp-block-spacer\"><\/div>\n\n\n\n<p>This graph illustrates the difference in carbon footprint between one of our VP productions and the same commercial that would be produced through traditional methods. The results show that VP was nearly five times more environmentally friendly.<br><br><\/p>\n<\/div>\n\n\n\n<div class=\"wp-block-column is-layout-flow wp-block-column-is-layout-flow\">\n<figure class=\"wp-block-image size-large\"><img loading=\"lazy\" decoding=\"async\" width=\"1600\" height=\"741\" src=\"https:\/\/vufinder.co\/wp-content\/uploads\/2023\/11\/Group-18802-1600x741.png\" alt=\"\" class=\"wp-image-1106\" srcset=\"https:\/\/vufinder.co\/wp-content\/uploads\/2023\/11\/Group-18802-1600x741.png 1600w, https:\/\/vufinder.co\/wp-content\/uploads\/2023\/11\/Group-18802-1024x474.png 1024w, https:\/\/vufinder.co\/wp-content\/uploads\/2023\/11\/Group-18802-768x356.png 768w, https:\/\/vufinder.co\/wp-content\/uploads\/2023\/11\/Group-18802-1536x711.png 1536w, https:\/\/vufinder.co\/wp-content\/uploads\/2023\/11\/Group-18802-2048x949.png 2048w\" sizes=\"auto, (max-width: 1600px) 100vw, 1600px\" \/><\/figure>\n<\/div>\n<\/div>\n\n\n\n<div style=\"height:100px\" aria-hidden=\"true\" class=\"wp-block-spacer\"><\/div>\n\n\n\n<h2 class=\"wp-block-heading\">Dzi\u0119ki wirtualnej produkcji mo\u017cesz zmniejszy\u0107<br>\u015blad w\u0119glowy we wszystkich aspektach realizacji.<\/h2>\n\n\n\n<div style=\"height:60px\" aria-hidden=\"true\" class=\"wp-block-spacer\"><\/div>\n\n\n\n<p>Najwi\u0119ksz\u0105 redukcj\u0119 wida\u0107 w obszarach:<\/p>\n\n\n\n<div style=\"height:40px\" aria-hidden=\"true\" class=\"wp-block-spacer\"><\/div>\n\n\n\n<div class=\"wp-block-columns are-vertically-aligned-center is-layout-flex wp-container-core-columns-is-layout-9d6595d7 wp-block-columns-is-layout-flex\">\n<div class=\"wp-block-column is-vertically-aligned-center is-layout-flow wp-block-column-is-layout-flow\">\n<div class=\"box box--animated is-full-height top left\">\n  <div class=\"box__inner\">\n    \n\n<p>transportation as there are no crew moves<br><\/p>\n\n\n\n<div style=\"height:10px\" aria-hidden=\"true\" class=\"wp-block-spacer\"><\/div>\n\n\n  <\/div>\n<\/div><\/div>\n\n\n\n<div class=\"wp-block-column is-vertically-aligned-center is-layout-flow wp-block-column-is-layout-flow\">\n<div class=\"box box--animated is-full-height top\">\n  <div class=\"box__inner\">\n    \n\n<p>filming spaces as only one studio is required<br><\/p>\n\n\n  <\/div>\n<\/div><\/div>\n\n\n\n<div class=\"wp-block-column is-vertically-aligned-center is-layout-flow wp-block-column-is-layout-flow\">\n<div class=\"box box--animated is-full-height top\">\n  <div class=\"box__inner\">\n    \n\n<p>materials as most of the set construction is crafted virtually<\/p>\n\n\n  <\/div>\n<\/div><\/div>\n<\/div>\n\n\n  <\/div>\n<\/div>","protected":false},"excerpt":{"rendered":"","protected":false},"author":2,"featured_media":0,"parent":0,"menu_order":0,"comment_status":"closed","ping_status":"closed","template":"","meta":{"_acf_changed":false,"footnotes":""},"class_list":["post-633","page","type-page","status-publish","hentry"],"acf":[],"_links":{"self":[{"href":"https:\/\/vufinder.co\/pl\/wp-json\/wp\/v2\/pages\/633","targetHints":{"allow":["GET"]}}],"collection":[{"href":"https:\/\/vufinder.co\/pl\/wp-json\/wp\/v2\/pages"}],"about":[{"href":"https:\/\/vufinder.co\/pl\/wp-json\/wp\/v2\/types\/page"}],"author":[{"embeddable":true,"href":"https:\/\/vufinder.co\/pl\/wp-json\/wp\/v2\/users\/2"}],"replies":[{"embeddable":true,"href":"https:\/\/vufinder.co\/pl\/wp-json\/wp\/v2\/comments?post=633"}],"version-history":[{"count":174,"href":"https:\/\/vufinder.co\/pl\/wp-json\/wp\/v2\/pages\/633\/revisions"}],"predecessor-version":[{"id":1110,"href":"https:\/\/vufinder.co\/pl\/wp-json\/wp\/v2\/pages\/633\/revisions\/1110"}],"wp:attachment":[{"href":"https:\/\/vufinder.co\/pl\/wp-json\/wp\/v2\/media?parent=633"}],"curies":[{"name":"wp","href":"https:\/\/api.w.org\/{rel}","templated":true}]}}