{"id":2,"date":"2023-06-27T18:05:53","date_gmt":"2023-06-27T16:05:53","guid":{"rendered":"https:\/\/vufinder.co\/?page_id=2"},"modified":"2024-10-08T17:42:20","modified_gmt":"2024-10-08T15:42:20","slug":"strona-glowna","status":"publish","type":"page","link":"https:\/\/vufinder.co\/pl\/","title":{"rendered":"Strona G\u0142\u00f3wna"},"content":{"rendered":"<div class=\"page__header is-blue\" data-header-pin>\n  <div class=\"page__content wp-content\">\n    \n<div class=\"hero hero--has-image\" >\n  <div class=\"hero__container\">\n    <div class=\"hero__slide\">\n\n      \n      \n      <div class=\"hero__slider swiper swiper-hero\" data-duration=\"10\">\n        <div class=\"swiper-wrapper\">\n                    <div class=\"hero__slider-item swiper-slide\">\n                        <img loading=\"lazy\" decoding=\"async\" width=\"1600\" height=\"832\" src=\"data:image\/png;base64,iVBORw0KGgoAAAANSUhEUgAAAAEAAAABCAQAAAC1HAwCAAAAC0lEQVR42mP8Xw8AAoMBgDTD2qgAAAAASUVORK5CYII=\" class=\"attachment-large size-large landscape\" alt=\"\" srcset=\"https:\/\/vufinder.co\/wp-content\/uploads\/2023\/06\/hp1-1600x832.jpg 1600w, https:\/\/vufinder.co\/wp-content\/uploads\/2023\/06\/hp1-1024x532.jpg 1024w, https:\/\/vufinder.co\/wp-content\/uploads\/2023\/06\/hp1-768x399.jpg 768w, https:\/\/vufinder.co\/wp-content\/uploads\/2023\/06\/hp1-1536x799.jpg 1536w, https:\/\/vufinder.co\/wp-content\/uploads\/2023\/06\/hp1.jpg 1631w\" sizes=\"auto, (max-width: 1600px) 100vw, 1600px\" data-srcset=\"https:\/\/vufinder.co\/wp-content\/uploads\/2023\/06\/hp1-1600x832.jpg 1600w, https:\/\/vufinder.co\/wp-content\/uploads\/2023\/06\/hp1-1024x532.jpg 1024w, https:\/\/vufinder.co\/wp-content\/uploads\/2023\/06\/hp1-768x399.jpg 768w, https:\/\/vufinder.co\/wp-content\/uploads\/2023\/06\/hp1-1536x799.jpg 1536w, https:\/\/vufinder.co\/wp-content\/uploads\/2023\/06\/hp1.jpg 1631w\" data-src=\"https:\/\/vufinder.co\/wp-content\/uploads\/2023\/06\/hp1-1600x832.jpg\" \/>                      <\/div>\n                    <div class=\"hero__slider-item swiper-slide\">\n                        <div class=\"wp-video\">\n              <video webkit-playsinline playsinline muted preload data-src=\"https:\/\/vufinder.co\/wp-content\/uploads\/2023\/06\/bgVid-c89ddf236da659bfc4395ec5feda30e3.mp4\">\n                <source type=\"video\/mp4\" data-src=\"https:\/\/vufinder.co\/wp-content\/uploads\/2023\/06\/bgVid-c89ddf236da659bfc4395ec5feda30e3.mp4\" \/>\n              <\/video>\n            <\/div>\n                      <\/div>\n                  <\/div>\n\n        <div class=\"hero__slider-next\">\n          <button data-magnetic=\"root\" class=\"is-next\">\n            <svg height=\"104\" width=\"104\" viewbox=\"0 0 104 104\" class=\"is-next-timer\">\n              <circle cx=\"52\" cy=\"52\" r=\"50\" stroke=\"white\" stroke-width=\"2.25\" fill=\"none\" \/>\n            <\/svg>\n            <div class=\"btn btn--arrow is-big\" data-magnetic>\n              <i class=\"icon-arrow-right\"><\/i>\n            <\/div>\n          <\/button>\n\n        <\/div>\n      <\/div>\n            \n      <p data-lettering=\"w\" class=\"w-delay-05\">\n        Studio produkcji wirtualnej oferuj\u0105ce pe\u0142ny zakres us\u0142ug, zlokalizowane w sercu Warszawy      <\/p>\n      <div class=\"hero__content\">\n        <h2>Witamy w VUFINDER Studios, gdzie \u015bwiat rzeczywisty i wirtualny si\u0119 przenikaj\u0105<\/h2>\n              <\/div>\n\n            <div class=\"clock\">\n        <small class=\"clock__label\">\n          czas w Warszawie        <\/small>\n        <div class=\"clock__face\">08:31 am<\/div>\n      <\/div>\n      \n    <\/div>\n  <\/div>\n<\/div>\n\n\n<div class=\"wp-block-columns are-vertically-aligned-center is-layout-flex wp-container-core-columns-is-layout-9d6595d7 wp-block-columns-is-layout-flex\">\n<div class=\"wp-block-column is-vertically-aligned-center is-layout-flow wp-block-column-is-layout-flow\" style=\"flex-basis:40%\">\n<div class=\"wp-block-group is-vertical is-layout-flex wp-container-core-group-is-layout-8cad6afd wp-block-group-is-layout-flex\">\n<div class=\"box box--animated top left\">\n  <div class=\"box__inner\">\n    \n\n<h3 class=\"wp-block-heading\">About<\/h3>\n\n\n\n<p>VUFINDER STUDIOS to nowoczesne studio wirtualnej produkcji, zapewniaj\u0105ce pe\u0142en zakres us\u0142ug w produkcji wirtualnej i tradycyjnej.<\/p>\n\n\n\n<div style=\"height:100px\" aria-hidden=\"true\" class=\"wp-block-spacer\"><\/div>\n\n\n\n<h3 class=\"wp-block-heading\">Nasze us\u0142ugi<\/h3>\n\n\n\n<ul class=\"wp-block-list has-medium-font-size\">\n<li class=\"has-medium-font-size\">Kompleksowe produkcje VP<\/li>\n\n\n\n<li class=\"has-medium-font-size\">Zoptymalizowane \u015brodowiska wirtualne dla LED Volume<\/li>\n\n\n\n<li class=\"has-medium-font-size\">Tre\u015bci na ekrany LED w przestrzeni publicznej<\/li>\n\n\n\n<li class=\"has-medium-font-size\">Rendery i animacje w Unreal Engine<\/li>\n\n\n\n<li class=\"has-medium-font-size\">Skanowanie 3D LiDAR i fotogrametria<\/li>\n\n\n\n<li class=\"has-medium-font-size\">Eventy i konferencje<\/li>\n<\/ul>\n\n\n  <\/div>\n<\/div><\/div>\n<\/div>\n\n\n\n<div class=\"wp-block-column is-vertically-aligned-center is-layout-flow wp-block-column-is-layout-flow\" style=\"flex-basis:60%\">\n\n\n  <div class=\"box box--custom box--animated\" style=\"--bg-color:var(--color-pink)\">\n    <div class=\"box__inner\">\n      <div class=\"vu vu--widget\">\n        <div id=\"vu-preview\" data-app=\"{&quot;labels&quot;:{&quot;more&quot;:&quot;more info&quot;,&quot;desc&quot;:&quot;&lt;p&gt;&lt;strong&gt;Our virtual production facility&lt;\\\/strong&gt;&lt;\\\/p&gt;\\n&lt;p&gt;VUFINDER STUDIOS is a permanent 600 sqm studio situated in downtown Warsaw, Poland.&lt;\\\/p&gt;\\n&quot;,&quot;screens&quot;:&quot;Screens&quot;,&quot;ceiling&quot;:&quot;Ceiling&quot;,&quot;floor&quot;:&quot;Floor&quot;,&quot;mobileScreen&quot;:&quot;Mobile Screen&quot;,&quot;yes&quot;:&quot;yes&quot;,&quot;no&quot;:&quot;no&quot;},&quot;link&quot;:&quot;\\\/studio\\\/&quot;}\" class=\"vu__container\">loading&#8230;<\/div>\n      <\/div>\n    <\/div>\n  <\/div>\n<\/div>\n<\/div>\n\n\n  <\/div>\n<\/div>\n\n\n<div class=\"newsbox\">\n  <div class=\"op-group has-no-margin is-blue-light\">\n    <div class=\"op-group__container\">\n      <h2>Odkryj najnowsze wiadomo\u015bci i informacje z VUFINDER Studios:<\/h2>\n\n      <div class=\"newsbox__content\">\n                  <div class=\"newsbox__item\">\n            <a class=\"box box--image\" href=\"https:\/\/vu.prowly.com\/268967-vr-to-absolutna-swoboda-kreatywnosci-melania-kulczycka-z-vufinder-studios-w-prodcascie-pata-murphiego\" target=\"_blank\">\n              <div class=\"box__thumbnail is-dark\">\n                <img data-src=\"https:\/\/prowly-prod.s3.eu-west-1.amazonaws.com\/uploads\/landing_page\/cover_photo\/268967\/bf1cca8f2779067a79262fe0a33d91c5.jpg\" loading=\"lazy\" alt=\"\">\n              <\/div>\n\n              <div class=\"box__content\">\n                <div class=\"newsbox__desc\">\n                  <h3 class=\"is-title\">VR to absolutna swoboda kreatywno\u015bci: Melania Kulczycka z VuFinder Studios w prodca\u015bcie Pata Murphiego<\/h3>\n                  <p class=\"is-meta\">06.11.2023<\/p>\n                <\/div>\n\n                <div class=\"box__more\">\n                  <div class=\"btn__magnetic\" data-magnetic>\n                    <div class=\"btn btn--arrow\" data-magnetic>\n                      <i class=\"icon-arrow-right\"><\/i>\n                    <\/div>\n                  <\/div>\n                <\/div>\n              <\/div>\n            <\/a>\n          <\/div>\n\n                  <div class=\"newsbox__item\">\n            <a class=\"box box--image\" href=\"https:\/\/vu.prowly.com\/264479-piotr-talaj-nowym-managing-directorem-w-vufinder-studios\" target=\"_blank\">\n              <div class=\"box__thumbnail is-dark\">\n                <img data-src=\"https:\/\/prowly-prod.s3.eu-west-1.amazonaws.com\/uploads\/landing_page\/cover_photo\/264479\/eda2bf8498fdc6be5c798d363535a3e6.jpg\" loading=\"lazy\" alt=\"\">\n              <\/div>\n\n              <div class=\"box__content\">\n                <div class=\"newsbox__desc\">\n                  <h3 class=\"is-title\">Piotr Ta\u0142aj nowym Managing Directorem w VuFinder Studios<\/h3>\n                  <p class=\"is-meta\">09.10.2023<\/p>\n                <\/div>\n\n                <div class=\"box__more\">\n                  <div class=\"btn__magnetic\" data-magnetic>\n                    <div class=\"btn btn--arrow\" data-magnetic>\n                      <i class=\"icon-arrow-right\"><\/i>\n                    <\/div>\n                  <\/div>\n                <\/div>\n              <\/div>\n            <\/a>\n          <\/div>\n\n        \n                  <div class=\"newsbox__item\">\n            <div class=\"box box--center\">\n              <a href=\"https:\/\/vu.prowly.com\" title=\"Zobacz wi\u0119cej\" class=\"btn btn--border is-big-mobile is-slim-mobile\" target=\"_blank\">\n                Zobacz wi\u0119cej              <\/a>\n            <\/div>\n          <\/div>\n              <\/div>\n\n    <\/div>\n  <\/div>\n<\/div>","protected":false},"excerpt":{"rendered":"","protected":false},"author":1,"featured_media":0,"parent":0,"menu_order":0,"comment_status":"closed","ping_status":"open","template":"","meta":{"_acf_changed":false,"footnotes":""},"class_list":["post-2","page","type-page","status-publish","hentry"],"acf":[],"_links":{"self":[{"href":"https:\/\/vufinder.co\/pl\/wp-json\/wp\/v2\/pages\/2","targetHints":{"allow":["GET"]}}],"collection":[{"href":"https:\/\/vufinder.co\/pl\/wp-json\/wp\/v2\/pages"}],"about":[{"href":"https:\/\/vufinder.co\/pl\/wp-json\/wp\/v2\/types\/page"}],"author":[{"embeddable":true,"href":"https:\/\/vufinder.co\/pl\/wp-json\/wp\/v2\/users\/1"}],"replies":[{"embeddable":true,"href":"https:\/\/vufinder.co\/pl\/wp-json\/wp\/v2\/comments?post=2"}],"version-history":[{"count":120,"href":"https:\/\/vufinder.co\/pl\/wp-json\/wp\/v2\/pages\/2\/revisions"}],"predecessor-version":[{"id":1484,"href":"https:\/\/vufinder.co\/pl\/wp-json\/wp\/v2\/pages\/2\/revisions\/1484"}],"wp:attachment":[{"href":"https:\/\/vufinder.co\/pl\/wp-json\/wp\/v2\/media?parent=2"}],"curies":[{"name":"wp","href":"https:\/\/api.w.org\/{rel}","templated":true}]}}