{"id":19,"date":"2023-06-29T17:07:52","date_gmt":"2023-06-29T15:07:52","guid":{"rendered":"https:\/\/vufinder.co\/?page_id=19"},"modified":"2026-01-12T13:32:36","modified_gmt":"2026-01-12T12:32:36","slug":"contact","status":"publish","type":"page","link":"https:\/\/vufinder.co\/pl\/contact\/","title":{"rendered":"Contact"},"content":{"rendered":"<div class=\"page__header is-blue\" data-header-pin>\n  <div class=\"page__content wp-content\">\n    \n<div class=\"hero hero--single hero--auto-height\" >\n  <div class=\"hero__container\">\n    <div class=\"hero__slide\">\n\n      \n      <p data-lettering=\"w\" class=\"w-delay-05\">\n        Studio produkcji wirtualnej oferuj\u0105ce pe\u0142ny zakres us\u0142ug, zlokalizowane w sercu Warszawy      <\/p>\n      <div class=\"hero__content\">\n        <h2>Rozpocznij sw\u00f3j kolejny projekt z VUFINDER Studios<\/h2>\n              <\/div>\n\n      \n    <\/div>\n  <\/div>\n<\/div>\n\n  <\/div>\n<\/div>\n\n\n\n<div class=\"op-group is-blue has-no-margin\">\n  <div class=\"op-group__container\">\n    \n\n<div class=\"contact-map\">\n  <div class=\"contact-map__map\">\n    <div class=\"box box--image is-static\">\n\n      <div class=\"js-map\" data-map=\"{&quot;data&quot;:[{&quot;id&quot;:0,&quot;lat&quot;:52.18537980000001,&quot;lng&quot;:21.0312499,&quot;size&quot;:32,&quot;icon&quot;:&quot;https:\\\/\\\/vufinder.co\\\/wp-content\\\/themes\\\/vufi\\\/assets\\\/static\\\/img\\\/marker.png&quot;},{&quot;id&quot;:1,&quot;lat&quot;:52.22816049999999,&quot;lng&quot;:20.8717991,&quot;size&quot;:32,&quot;icon&quot;:&quot;https:\\\/\\\/vufinder.co\\\/wp-content\\\/themes\\\/vufi\\\/assets\\\/static\\\/img\\\/marker.png&quot;}]}\"><\/div>\n      <div class=\"box__content\">\n\n        <div class=\"box__row\">\n\n                      \n              <div class=\"box__col\">\n                <div class=\"btn-group\">\n                  <a class=\"btn btn--border\" href=\"https:\/\/goo.gl\/maps\/cs5jW17qZ7ZoDRep9\" target=\"_blank\">\n                    <span>\n                      Biuro                    <\/span>\n                  <\/a>\n                  <span class=\"location\">\n                    <i class=\"icon-location\"><\/i>\n                    <small>Cisowa 1 <br \/>\r\n02-708 Warsaw<\/small>\n                  <\/span>\n                <\/div>\n              <\/div>\n\n            \n              <div class=\"box__col\">\n                <div class=\"btn-group\">\n                  <a class=\"btn btn--border\" href=\"https:\/\/maps.app.goo.gl\/sR7ggPZqPN7bMsin6\" target=\"_blank\">\n                    <span>\n                      Studio                    <\/span>\n                  <\/a>\n                  <span class=\"location\">\n                    <i class=\"icon-location\"><\/i>\n                    <small>Szeligowska 48<br \/>\r\n05-850 Warsaw<br \/>\r\nTranscolor hala 5<\/small>\n                  <\/span>\n                <\/div>\n              <\/div>\n\n                              <\/div>\n      <\/div>\n    <\/div>\n  <\/div>\n  <div class=\"contact-map__contact\">\n\n          <div class=\"box\">\n        <div class=\"box__content\">\n          <a href=\"mailto:piotr@vufinder.co\" target=\"_blank\" class=\"btn btn--border is-big-mobile\">\n            Napisz do nas          <\/a>\n        <\/div>\n      <\/div>\n      <\/div>\n<\/div>\n\n\n<div class=\"testimonial\">\n  <div class=\"testimonial__col\">\n    <h2>We are proudly<br \/>\r\nreprezentowani przez:<\/h2>\n  <\/div>\n  <div class=\"testimonial__col\">\n        <div class=\"grid grid--testimonial\">\n\n      \n      <div class=\"grid__item\">\n        <div class=\"box box--testimonial\">\n          <div class=\"box__header\">\n            <div class=\"avatar is-small is-testimonial\">\n                            <img loading=\"lazy\" decoding=\"async\" width=\"800\" height=\"800\" src=\"data:image\/png;base64,iVBORw0KGgoAAAANSUhEUgAAAAEAAAABCAQAAAC1HAwCAAAAC0lEQVR42mP8Xw8AAoMBgDTD2qgAAAAASUVORK5CYII=\" class=\"attachment-medium size-medium portrait\" alt=\"\" srcset=\"https:\/\/vufinder.co\/wp-content\/uploads\/2023\/10\/image-1.png 800w, https:\/\/vufinder.co\/wp-content\/uploads\/2023\/10\/image-1-512x512.png 512w, https:\/\/vufinder.co\/wp-content\/uploads\/2023\/10\/image-1-768x768.png 768w\" sizes=\"auto, (max-width: 800px) 100vw, 800px\" data-srcset=\"https:\/\/vufinder.co\/wp-content\/uploads\/2023\/10\/image-1.png 800w, https:\/\/vufinder.co\/wp-content\/uploads\/2023\/10\/image-1-512x512.png 512w, https:\/\/vufinder.co\/wp-content\/uploads\/2023\/10\/image-1-768x768.png 768w\" data-src=\"https:\/\/vufinder.co\/wp-content\/uploads\/2023\/10\/image-1.png\" \/>                          <\/div>\n\n                        <div class=\"box__logo\">\n              <img loading=\"lazy\" decoding=\"async\" width=\"1024\" height=\"231\" src=\"data:image\/png;base64,iVBORw0KGgoAAAANSUhEUgAAAAEAAAABCAQAAAC1HAwCAAAAC0lEQVR42mP8Xw8AAoMBgDTD2qgAAAAASUVORK5CYII=\" class=\"attachment-medium size-medium landscape\" alt=\"\" srcset=\"https:\/\/vufinder.co\/wp-content\/uploads\/2023\/10\/LemonadeLogo-1024x231.png 1024w, https:\/\/vufinder.co\/wp-content\/uploads\/2023\/10\/LemonadeLogo-768x173.png 768w, https:\/\/vufinder.co\/wp-content\/uploads\/2023\/10\/LemonadeLogo-1536x347.png 1536w, https:\/\/vufinder.co\/wp-content\/uploads\/2023\/10\/LemonadeLogo.png 1600w\" sizes=\"auto, (max-width: 1024px) 100vw, 1024px\" data-srcset=\"https:\/\/vufinder.co\/wp-content\/uploads\/2023\/10\/LemonadeLogo-1024x231.png 1024w, https:\/\/vufinder.co\/wp-content\/uploads\/2023\/10\/LemonadeLogo-768x173.png 768w, https:\/\/vufinder.co\/wp-content\/uploads\/2023\/10\/LemonadeLogo-1536x347.png 1536w, https:\/\/vufinder.co\/wp-content\/uploads\/2023\/10\/LemonadeLogo.png 1600w\" data-src=\"https:\/\/vufinder.co\/wp-content\/uploads\/2023\/10\/LemonadeLogo-1024x231.png\" \/>            <\/div>\n            \n          <\/div>\n          <div class=\"box__content\">\n            <h3>Corin West<\/h3>\n<p>Netherlands \/ UK<br \/>\n+44 7792675779<\/p>\n          <\/div>\n        <\/div>\n      <\/div>\n\n      \n      <div class=\"grid__item\">\n        <div class=\"box box--testimonial\">\n          <div class=\"box__header\">\n            <div class=\"avatar is-small is-testimonial\">\n                            <img loading=\"lazy\" decoding=\"async\" width=\"408\" height=\"544\" src=\"data:image\/png;base64,iVBORw0KGgoAAAANSUhEUgAAAAEAAAABCAQAAAC1HAwCAAAAC0lEQVR42mP8Xw8AAoMBgDTD2qgAAAAASUVORK5CYII=\" class=\"attachment-medium size-medium portrait\" alt=\"\" data-src=\"https:\/\/vufinder.co\/wp-content\/uploads\/2023\/10\/jpeg.jpeg\" \/>                          <\/div>\n\n            \n          <\/div>\n          <div class=\"box__content\">\n            <h3>Bo\u017cena Janisiw<\/h3>\n<p>France<br \/>\n+33 613 33 17 25<\/p>\n          <\/div>\n        <\/div>\n      <\/div>\n\n          <\/div>\n      <\/div>\n<\/div>\n\n  <\/div>\n<\/div>","protected":false},"excerpt":{"rendered":"","protected":false},"author":1,"featured_media":0,"parent":0,"menu_order":0,"comment_status":"closed","ping_status":"closed","template":"","meta":{"_acf_changed":false,"footnotes":""},"class_list":["post-19","page","type-page","status-publish","hentry"],"acf":[],"_links":{"self":[{"href":"https:\/\/vufinder.co\/pl\/wp-json\/wp\/v2\/pages\/19","targetHints":{"allow":["GET"]}}],"collection":[{"href":"https:\/\/vufinder.co\/pl\/wp-json\/wp\/v2\/pages"}],"about":[{"href":"https:\/\/vufinder.co\/pl\/wp-json\/wp\/v2\/types\/page"}],"author":[{"embeddable":true,"href":"https:\/\/vufinder.co\/pl\/wp-json\/wp\/v2\/users\/1"}],"replies":[{"embeddable":true,"href":"https:\/\/vufinder.co\/pl\/wp-json\/wp\/v2\/comments?post=19"}],"version-history":[{"count":60,"href":"https:\/\/vufinder.co\/pl\/wp-json\/wp\/v2\/pages\/19\/revisions"}],"predecessor-version":[{"id":1595,"href":"https:\/\/vufinder.co\/pl\/wp-json\/wp\/v2\/pages\/19\/revisions\/1595"}],"wp:attachment":[{"href":"https:\/\/vufinder.co\/pl\/wp-json\/wp\/v2\/media?parent=19"}],"curies":[{"name":"wp","href":"https:\/\/api.w.org\/{rel}","templated":true}]}}