{"id":17,"date":"2023-06-29T17:07:33","date_gmt":"2023-06-29T15:07:33","guid":{"rendered":"https:\/\/vufinder.co\/?page_id=17"},"modified":"2024-08-14T15:41:08","modified_gmt":"2024-08-14T13:41:08","slug":"studio","status":"publish","type":"page","link":"https:\/\/vufinder.co\/pl\/studio\/","title":{"rendered":"Studio"},"content":{"rendered":"<div class=\"page__header is-pink\" data-header-pin>\n  <div class=\"page__content wp-content\">\n    \n<div class=\"hero hero--single hero--auto-height\" >\n  <div class=\"hero__container\">\n    <div class=\"hero__slide\">\n\n      \n      <p data-lettering=\"w\" class=\"w-delay-05\">\n        Studio produkcji wirtualnej oferuj\u0105ce pe\u0142ny zakres us\u0142ug, zlokalizowane w sercu Warszawy      <\/p>\n      <div class=\"hero__content\">\n        <h2>Budujemy nie tylko obraz, budujemy ca\u0142e \u015bwiaty<\/h2>\n                <a href=\"mailto:melania@vufinder.co\" class=\"btn btn--border btn--small-mobile\" title=\"zarezerwuj studio\"\n          data-prev-inject=\"1\" aria-hidden=\"true\">zarezerwuj studio<\/a>\n              <\/div>\n\n      \n    <\/div>\n  <\/div>\n<\/div>\n\n\n\n  <div class=\"vu vu--full\">\n    <div id=\"vu-preview\" data-app=\"{&quot;labels&quot;:{&quot;more&quot;:&quot;more info&quot;,&quot;desc&quot;:&quot;&lt;p&gt;&lt;strong&gt;Our virtual production facility&lt;\\\/strong&gt;&lt;\\\/p&gt;\\n&lt;p&gt;VUFINDER STUDIOS is a permanent 600 sqm studio situated in downtown Warsaw, Poland.&lt;\\\/p&gt;\\n&quot;,&quot;screens&quot;:&quot;Screens&quot;,&quot;ceiling&quot;:&quot;Ceiling&quot;,&quot;floor&quot;:&quot;Floor&quot;,&quot;mobileScreen&quot;:&quot;Mobile Screen&quot;,&quot;yes&quot;:&quot;yes&quot;,&quot;no&quot;:&quot;no&quot;},&quot;link&quot;:false}\" class=\"vu__container\">loading&#8230;<\/div>\n  <\/div>\n\n\n  <\/div>\n<\/div>\n\n\n<div class=\"op-group op-group--custom is-blue\">\n  <div class=\"op-group__container\">\n\n          <div class=\"f-grid\">\n        <div class=\"f-grid__header\">\n          <h2>Od wirtualnej wizji<br \/>\r\ndo rzeczywisto\u015bci<\/h2>\n          <p>Nieograniczone mo\u017cliwo\u015bci dzi\u0119ki<br \/>\r\nWirtualnej produkcji<\/p>\n        <\/div>\n        <div class=\"f-grid__wrapper\">\n                      <div class=\"f-grid__item\">\n              <h3>700 m2<\/h3>\n              <p>powierzchnia g\u0142\u00f3wnego studia (35 m x 20 m)<\/p>\n            <\/div>\n                      <div class=\"f-grid__item\">\n              <h3>2.8 mm<\/h3>\n              <p>rozstaw pikseli<\/p>\n            <\/div>\n                      <div class=\"f-grid__item\">\n              <h3>Do 160m2<\/h3>\n              <p>w pe\u0142ni modu\u0142owy LED volume, w tym g\u0142\u00f3wna \u015bciana, sufit, pod\u0142oga oraz dodatkowe panele boczne do 160 m\u00b2<\/p>\n            <\/div>\n                      <div class=\"f-grid__item\">\n              <h3>ROE Black Pearl 2 V2<\/h3>\n              <p>Panel LED stworzony z my\u015bl\u0105 o filmie<\/p>\n            <\/div>\n                      <div class=\"f-grid__item\">\n              <h3>MoSys <\/h3>\n              <p>system \u015bledzenia kamery<\/p>\n            <\/div>\n                      <div class=\"f-grid__item\">\n              <h3>4 x RTX A6000<\/h3>\n              <p>serwery renderuj\u0105ce oparte na kartach graficznych<\/p>\n            <\/div>\n                      <div class=\"f-grid__item\">\n              <h3>12 bit<\/h3>\n              <p>g\u0142\u0119bia kolor\u00f3w<\/p>\n            <\/div>\n                      <div class=\"f-grid__item\">\n              <h3>Unreal Engine <\/h3>\n              <p>wersja 5.4<\/p>\n            <\/div>\n                  <\/div>\n      <\/div>\n      <\/div>\n<\/div>\n\n\n<div class=\"grid grid--logo is-one\">\n\n\n    <div class=\"grid__header\">\n\n    <div class=\"grid__col\">\n      <h2>We are<br \/>\r\npartnerzy<\/h2>\n    <\/div>\n\n    <div class=\"grid__col\">\n      <p><\/p>\n    <\/div>\n\n  <\/div>\n  \n\n    <ul class=\"grid__wrapper\" data-logo-shuffle=\"6\">\n        <li class=\"grid__item\">\n      <img loading=\"lazy\" decoding=\"async\" width=\"500\" height=\"340\" src=\"data:image\/png;base64,iVBORw0KGgoAAAANSUhEUgAAAAEAAAABCAQAAAC1HAwCAAAAC0lEQVR42mP8Xw8AAoMBgDTD2qgAAAAASUVORK5CYII=\" class=\"attachment-full size-full landscape\" alt=\"\" data-src=\"https:\/\/vufinder.co\/wp-content\/uploads\/2023\/10\/Frame-811656.png\" \/>    <\/li>\n        <li class=\"grid__item\">\n      <img loading=\"lazy\" decoding=\"async\" width=\"500\" height=\"340\" src=\"data:image\/png;base64,iVBORw0KGgoAAAANSUhEUgAAAAEAAAABCAQAAAC1HAwCAAAAC0lEQVR42mP8Xw8AAoMBgDTD2qgAAAAASUVORK5CYII=\" class=\"attachment-full size-full landscape\" alt=\"\" data-src=\"https:\/\/vufinder.co\/wp-content\/uploads\/2023\/10\/Frame-811653.png\" \/>    <\/li>\n        <li class=\"grid__item\">\n      <img loading=\"lazy\" decoding=\"async\" width=\"500\" height=\"340\" src=\"data:image\/png;base64,iVBORw0KGgoAAAANSUhEUgAAAAEAAAABCAQAAAC1HAwCAAAAC0lEQVR42mP8Xw8AAoMBgDTD2qgAAAAASUVORK5CYII=\" class=\"attachment-full size-full landscape\" alt=\"\" data-src=\"https:\/\/vufinder.co\/wp-content\/uploads\/2023\/10\/Frame-811654.png\" \/>    <\/li>\n        <li class=\"grid__item\">\n      <img loading=\"lazy\" decoding=\"async\" width=\"500\" height=\"340\" src=\"data:image\/png;base64,iVBORw0KGgoAAAANSUhEUgAAAAEAAAABCAQAAAC1HAwCAAAAC0lEQVR42mP8Xw8AAoMBgDTD2qgAAAAASUVORK5CYII=\" class=\"attachment-full size-full landscape\" alt=\"\" data-src=\"https:\/\/vufinder.co\/wp-content\/uploads\/2023\/10\/Frame-811655.png\" \/>    <\/li>\n        <li class=\"grid__item\">\n      <img loading=\"lazy\" decoding=\"async\" width=\"500\" height=\"340\" src=\"data:image\/png;base64,iVBORw0KGgoAAAANSUhEUgAAAAEAAAABCAQAAAC1HAwCAAAAC0lEQVR42mP8Xw8AAoMBgDTD2qgAAAAASUVORK5CYII=\" class=\"attachment-full size-full landscape\" alt=\"\" data-src=\"https:\/\/vufinder.co\/wp-content\/uploads\/2023\/10\/Frame-811652.png\" \/>    <\/li>\n        <li class=\"grid__item\">\n      <img loading=\"lazy\" decoding=\"async\" width=\"500\" height=\"340\" src=\"data:image\/png;base64,iVBORw0KGgoAAAANSUhEUgAAAAEAAAABCAQAAAC1HAwCAAAAC0lEQVR42mP8Xw8AAoMBgDTD2qgAAAAASUVORK5CYII=\" class=\"attachment-full size-full landscape\" alt=\"\" data-src=\"https:\/\/vufinder.co\/wp-content\/uploads\/2023\/10\/Frame-811644.png\" \/>    <\/li>\n        <li class=\"grid__item\">\n      <img loading=\"lazy\" decoding=\"async\" width=\"500\" height=\"340\" src=\"data:image\/png;base64,iVBORw0KGgoAAAANSUhEUgAAAAEAAAABCAQAAAC1HAwCAAAAC0lEQVR42mP8Xw8AAoMBgDTD2qgAAAAASUVORK5CYII=\" class=\"attachment-full size-full landscape\" alt=\"\" data-src=\"https:\/\/vufinder.co\/wp-content\/uploads\/2023\/10\/Frame-811644-1.png\" \/>    <\/li>\n        <li class=\"grid__item\">\n      <img loading=\"lazy\" decoding=\"async\" width=\"500\" height=\"340\" src=\"data:image\/png;base64,iVBORw0KGgoAAAANSUhEUgAAAAEAAAABCAQAAAC1HAwCAAAAC0lEQVR42mP8Xw8AAoMBgDTD2qgAAAAASUVORK5CYII=\" class=\"attachment-full size-full landscape\" alt=\"\" data-src=\"https:\/\/vufinder.co\/wp-content\/uploads\/2023\/10\/Frame-811645.png\" \/>    <\/li>\n        <li class=\"grid__item\">\n      <img loading=\"lazy\" decoding=\"async\" width=\"500\" height=\"340\" src=\"data:image\/png;base64,iVBORw0KGgoAAAANSUhEUgAAAAEAAAABCAQAAAC1HAwCAAAAC0lEQVR42mP8Xw8AAoMBgDTD2qgAAAAASUVORK5CYII=\" class=\"attachment-full size-full landscape\" alt=\"\" data-src=\"https:\/\/vufinder.co\/wp-content\/uploads\/2023\/10\/Frame-811646-1.png\" \/>    <\/li>\n        <li class=\"grid__item\">\n      <img loading=\"lazy\" decoding=\"async\" width=\"500\" height=\"340\" src=\"data:image\/png;base64,iVBORw0KGgoAAAANSUhEUgAAAAEAAAABCAQAAAC1HAwCAAAAC0lEQVR42mP8Xw8AAoMBgDTD2qgAAAAASUVORK5CYII=\" class=\"attachment-full size-full landscape\" alt=\"\" data-src=\"https:\/\/vufinder.co\/wp-content\/uploads\/2023\/10\/Frame-811646.png\" \/>    <\/li>\n        <li class=\"grid__item\">\n      <img loading=\"lazy\" decoding=\"async\" width=\"500\" height=\"340\" src=\"data:image\/png;base64,iVBORw0KGgoAAAANSUhEUgAAAAEAAAABCAQAAAC1HAwCAAAAC0lEQVR42mP8Xw8AAoMBgDTD2qgAAAAASUVORK5CYII=\" class=\"attachment-full size-full landscape\" alt=\"\" data-src=\"https:\/\/vufinder.co\/wp-content\/uploads\/2023\/10\/Frame-811649.png\" \/>    <\/li>\n        <li class=\"grid__item\">\n      <img loading=\"lazy\" decoding=\"async\" width=\"500\" height=\"340\" src=\"data:image\/png;base64,iVBORw0KGgoAAAANSUhEUgAAAAEAAAABCAQAAAC1HAwCAAAAC0lEQVR42mP8Xw8AAoMBgDTD2qgAAAAASUVORK5CYII=\" class=\"attachment-full size-full landscape\" alt=\"\" data-src=\"https:\/\/vufinder.co\/wp-content\/uploads\/2023\/10\/Frame-811648.png\" \/>    <\/li>\n        <li class=\"grid__item\">\n      <img loading=\"lazy\" decoding=\"async\" width=\"500\" height=\"340\" src=\"data:image\/png;base64,iVBORw0KGgoAAAANSUhEUgAAAAEAAAABCAQAAAC1HAwCAAAAC0lEQVR42mP8Xw8AAoMBgDTD2qgAAAAASUVORK5CYII=\" class=\"attachment-full size-full landscape\" alt=\"\" data-src=\"https:\/\/vufinder.co\/wp-content\/uploads\/2023\/10\/Frame-811647.png\" \/>    <\/li>\n        <li class=\"grid__item\">\n      <img loading=\"lazy\" decoding=\"async\" width=\"500\" height=\"340\" src=\"data:image\/png;base64,iVBORw0KGgoAAAANSUhEUgAAAAEAAAABCAQAAAC1HAwCAAAAC0lEQVR42mP8Xw8AAoMBgDTD2qgAAAAASUVORK5CYII=\" class=\"attachment-full size-full landscape\" alt=\"\" data-src=\"https:\/\/vufinder.co\/wp-content\/uploads\/2023\/10\/Frame-811651.png\" \/>    <\/li>\n        <li class=\"grid__item\">\n      <img loading=\"lazy\" decoding=\"async\" width=\"500\" height=\"340\" src=\"data:image\/png;base64,iVBORw0KGgoAAAANSUhEUgAAAAEAAAABCAQAAAC1HAwCAAAAC0lEQVR42mP8Xw8AAoMBgDTD2qgAAAAASUVORK5CYII=\" class=\"attachment-full size-full landscape\" alt=\"\" data-src=\"https:\/\/vufinder.co\/wp-content\/uploads\/2023\/10\/Frame-811650.png\" \/>    <\/li>\n        <li class=\"grid__item\">\n      <img loading=\"lazy\" decoding=\"async\" width=\"500\" height=\"340\" src=\"data:image\/png;base64,iVBORw0KGgoAAAANSUhEUgAAAAEAAAABCAQAAAC1HAwCAAAAC0lEQVR42mP8Xw8AAoMBgDTD2qgAAAAASUVORK5CYII=\" class=\"attachment-full size-full landscape\" alt=\"\" data-src=\"https:\/\/vufinder.co\/wp-content\/uploads\/2023\/10\/Frame-811645-1.png\" \/>    <\/li>\n        <li class=\"grid__item\">\n      <img loading=\"lazy\" decoding=\"async\" width=\"500\" height=\"340\" src=\"data:image\/png;base64,iVBORw0KGgoAAAANSUhEUgAAAAEAAAABCAQAAAC1HAwCAAAAC0lEQVR42mP8Xw8AAoMBgDTD2qgAAAAASUVORK5CYII=\" class=\"attachment-full size-full landscape\" alt=\"\" data-src=\"https:\/\/vufinder.co\/wp-content\/uploads\/2023\/10\/Frame-811643.png\" \/>    <\/li>\n        <li class=\"grid__item\">\n      <img loading=\"lazy\" decoding=\"async\" width=\"500\" height=\"340\" src=\"data:image\/png;base64,iVBORw0KGgoAAAANSUhEUgAAAAEAAAABCAQAAAC1HAwCAAAAC0lEQVR42mP8Xw8AAoMBgDTD2qgAAAAASUVORK5CYII=\" class=\"attachment-full size-full landscape\" alt=\"\" data-src=\"https:\/\/vufinder.co\/wp-content\/uploads\/2023\/10\/Frame-811643-1.png\" \/>    <\/li>\n        <li class=\"grid__item\">\n      <img loading=\"lazy\" decoding=\"async\" width=\"500\" height=\"340\" src=\"data:image\/png;base64,iVBORw0KGgoAAAANSUhEUgAAAAEAAAABCAQAAAC1HAwCAAAAC0lEQVR42mP8Xw8AAoMBgDTD2qgAAAAASUVORK5CYII=\" class=\"attachment-full size-full landscape\" alt=\"\" data-src=\"https:\/\/vufinder.co\/wp-content\/uploads\/2023\/10\/Frame-811642.png\" \/>    <\/li>\n        <li class=\"grid__item\">\n      <img loading=\"lazy\" decoding=\"async\" width=\"500\" height=\"340\" src=\"data:image\/png;base64,iVBORw0KGgoAAAANSUhEUgAAAAEAAAABCAQAAAC1HAwCAAAAC0lEQVR42mP8Xw8AAoMBgDTD2qgAAAAASUVORK5CYII=\" class=\"attachment-full size-full landscape\" alt=\"\" data-src=\"https:\/\/vufinder.co\/wp-content\/uploads\/2023\/10\/Frame-811641-1.png\" \/>    <\/li>\n        <li class=\"grid__item\">\n      <img loading=\"lazy\" decoding=\"async\" width=\"500\" height=\"340\" src=\"data:image\/png;base64,iVBORw0KGgoAAAANSUhEUgAAAAEAAAABCAQAAAC1HAwCAAAAC0lEQVR42mP8Xw8AAoMBgDTD2qgAAAAASUVORK5CYII=\" class=\"attachment-full size-full landscape\" alt=\"\" data-src=\"https:\/\/vufinder.co\/wp-content\/uploads\/2023\/10\/Frame-811641.png\" \/>    <\/li>\n        <li class=\"grid__item\">\n      <img loading=\"lazy\" decoding=\"async\" width=\"500\" height=\"340\" src=\"data:image\/png;base64,iVBORw0KGgoAAAANSUhEUgAAAAEAAAABCAQAAAC1HAwCAAAAC0lEQVR42mP8Xw8AAoMBgDTD2qgAAAAASUVORK5CYII=\" class=\"attachment-full size-full landscape\" alt=\"\" data-src=\"https:\/\/vufinder.co\/wp-content\/uploads\/2023\/10\/Frame-811642-1.png\" \/>    <\/li>\n        <li class=\"grid__item\">\n      <img loading=\"lazy\" decoding=\"async\" width=\"500\" height=\"340\" src=\"data:image\/png;base64,iVBORw0KGgoAAAANSUhEUgAAAAEAAAABCAQAAAC1HAwCAAAAC0lEQVR42mP8Xw8AAoMBgDTD2qgAAAAASUVORK5CYII=\" class=\"attachment-full size-full landscape\" alt=\"\" data-src=\"https:\/\/vufinder.co\/wp-content\/uploads\/2023\/10\/Frame-811639.png\" \/>    <\/li>\n        <li class=\"grid__item\">\n      <img loading=\"lazy\" decoding=\"async\" width=\"500\" height=\"340\" src=\"data:image\/png;base64,iVBORw0KGgoAAAANSUhEUgAAAAEAAAABCAQAAAC1HAwCAAAAC0lEQVR42mP8Xw8AAoMBgDTD2qgAAAAASUVORK5CYII=\" class=\"attachment-full size-full landscape\" alt=\"\" data-src=\"https:\/\/vufinder.co\/wp-content\/uploads\/2023\/10\/Frame-811639-1.png\" \/>    <\/li>\n                                                                                                          <\/ul>\n  \n<\/div>","protected":false},"excerpt":{"rendered":"","protected":false},"author":1,"featured_media":0,"parent":0,"menu_order":0,"comment_status":"closed","ping_status":"closed","template":"","meta":{"_acf_changed":false,"footnotes":""},"class_list":["post-17","page","type-page","status-publish","hentry"],"acf":[],"_links":{"self":[{"href":"https:\/\/vufinder.co\/pl\/wp-json\/wp\/v2\/pages\/17","targetHints":{"allow":["GET"]}}],"collection":[{"href":"https:\/\/vufinder.co\/pl\/wp-json\/wp\/v2\/pages"}],"about":[{"href":"https:\/\/vufinder.co\/pl\/wp-json\/wp\/v2\/types\/page"}],"author":[{"embeddable":true,"href":"https:\/\/vufinder.co\/pl\/wp-json\/wp\/v2\/users\/1"}],"replies":[{"embeddable":true,"href":"https:\/\/vufinder.co\/pl\/wp-json\/wp\/v2\/comments?post=17"}],"version-history":[{"count":89,"href":"https:\/\/vufinder.co\/pl\/wp-json\/wp\/v2\/pages\/17\/revisions"}],"predecessor-version":[{"id":1406,"href":"https:\/\/vufinder.co\/pl\/wp-json\/wp\/v2\/pages\/17\/revisions\/1406"}],"wp:attachment":[{"href":"https:\/\/vufinder.co\/pl\/wp-json\/wp\/v2\/media?parent=17"}],"curies":[{"name":"wp","href":"https:\/\/api.w.org\/{rel}","templated":true}]}}